{"id":378,"date":"2017-01-09T12:31:36","date_gmt":"2017-01-09T10:31:36","guid":{"rendered":"https:\/\/oblati.benediktini.sk\/?page_id=378"},"modified":"2017-07-23T13:14:39","modified_gmt":"2017-07-23T11:14:39","slug":"reflexie-oblatov","status":"publish","type":"page","link":"https:\/\/oblati.benediktini.sk\/?page_id=378","title":{"rendered":"Reflexie obl\u00e1tov"},"content":{"rendered":"<p><a href=\"https:\/\/oblati.benediktini.sk\/wp-content\/uploads\/2017\/01\/Samota-sa-d\u00e1-u\u017eito\u010dne-\u010d\u00edta\u0165-aj-po\u010d\u00fava\u0165-2016.pdf\">Samota sa d\u00e1 u\u017eito\u010dne \u010d\u00edta\u0165 aj po\u010d\u00fava\u0165 <\/a><\/p>\n<p><a href=\"https:\/\/oblati.benediktini.sk\/wp-content\/uploads\/2017\/01\/Pre-m\u0148a-je-modlitba....pdf\">Pre m\u0148a je modlitba&#8230;<\/a><\/p>\n<p><a href=\"https:\/\/oblati.benediktini.sk\/wp-content\/uploads\/2017\/01\/Modlitba.pdf\">Modlitba <\/a><\/p>\n<p><a href=\"https:\/\/oblati.benediktini.sk\/wp-content\/uploads\/2017\/01\/Modlitba-v-mojom-\u017eivote.pdf\">Modlitba v mojom \u017eivote<\/a><\/p>\n","protected":false},"excerpt":{"rendered":"<p>Samota sa d\u00e1 u\u017eito\u010dne \u010d\u00edta\u0165 aj po\u010d\u00fava\u0165 Pre m\u0148a je modlitba&#8230; Modlitba Modlitba v mojom \u017eivote<\/p>\n","protected":false},"author":2,"featured_media":0,"parent":10,"menu_order":4,"comment_status":"closed","ping_status":"closed","template":"","meta":{"footnotes":""},"class_list":["post-378","page","type-page","status-publish","hentry"],"_links":{"self":[{"href":"https:\/\/oblati.benediktini.sk\/index.php?rest_route=\/wp\/v2\/pages\/378","targetHints":{"allow":["GET"]}}],"collection":[{"href":"https:\/\/oblati.benediktini.sk\/index.php?rest_route=\/wp\/v2\/pages"}],"about":[{"href":"https:\/\/oblati.benediktini.sk\/index.php?rest_route=\/wp\/v2\/types\/page"}],"author":[{"embeddable":true,"href":"https:\/\/oblati.benediktini.sk\/index.php?rest_route=\/wp\/v2\/users\/2"}],"replies":[{"embeddable":true,"href":"https:\/\/oblati.benediktini.sk\/index.php?rest_route=%2Fwp%2Fv2%2Fcomments&post=378"}],"version-history":[{"count":5,"href":"https:\/\/oblati.benediktini.sk\/index.php?rest_route=\/wp\/v2\/pages\/378\/revisions"}],"predecessor-version":[{"id":469,"href":"https:\/\/oblati.benediktini.sk\/index.php?rest_route=\/wp\/v2\/pages\/378\/revisions\/469"}],"up":[{"embeddable":true,"href":"https:\/\/oblati.benediktini.sk\/index.php?rest_route=\/wp\/v2\/pages\/10"}],"wp:attachment":[{"href":"https:\/\/oblati.benediktini.sk\/index.php?rest_route=%2Fwp%2Fv2%2Fmedia&parent=378"}],"curies":[{"name":"wp","href":"https:\/\/api.w.org\/{rel}","templated":true}]}}